{"id":838,"date":"2018-06-15T10:32:54","date_gmt":"2018-06-15T03:32:54","guid":{"rendered":"http:\/\/mantis.la-studioweb.com\/?post_type=product&#038;p=838"},"modified":"2025-07-09T09:21:27","modified_gmt":"2025-07-09T09:21:27","slug":"2-glacons-gourmets","status":"publish","type":"product","link":"https:\/\/www.as-glacon.com\/en\/produit\/2-glacons-gourmets\/","title":{"rendered":"Gla\u00e7ons Gourmets"},"content":{"rendered":"<h4>Avantages<\/h4>\n<ul>\n<li>Refroidissement rapide et efficace<\/li>\n<li>Pr\u00e9sentation \u00e9l\u00e9gante et cristalline<\/li>\n<li>Fabrication hygi\u00e9nique et s\u00e9curis\u00e9e<\/li>\n<li>Compatible avec tous types de boissons<\/li>\n<\/ul>\n<h4>Utilisation<\/h4>\n<ul>\n<li>Bars et restaurants pour les cocktails et boissons rafra\u00eechissantes<\/li>\n<li>\u00c9v\u00e9nements et r\u00e9ceptions<\/li>\n<li>Conserver les aliments et les boissons au frais<\/li>\n<\/ul>\n<h4>Conseils d&#8217;utilisation<\/h4>\n<p>Pour un r\u00e9sultat optimal, versez directement les gla\u00e7ons dans les boissons ou utilisez-les pour conserver les aliments frais.<\/p>\n","protected":false},"excerpt":{"rendered":"<p>Nos gla\u00e7ons en cube sont parfaitement con\u00e7us pour rafra\u00eechir vos boissons avec \u00e9l\u00e9gance et efficacit\u00e9. Chaque cube est cristallin, offrant une pr\u00e9sentation attrayante tout en garantissant un refroidissement optimal. Id\u00e9al pour les restaurants, bars, et \u00e9v\u00e9nements, nos gla\u00e7ons en cube sont fabriqu\u00e9s \u00e0 partir d&#8217;eau pure et filtr\u00e9e pour une qualit\u00e9 sup\u00e9rieure.<\/p>\n<h4>Caract\u00e9ristiques<\/h4>\n<ul>\n<li><strong>Taille des cubes :<\/strong> 2,5 cm x 2,5 cm<\/li>\n<li><strong>Composition :<\/strong> Eau pure filtr\u00e9e<\/li>\n<li><strong>Conditionnement :<\/strong> Sacs de 10 kg\/20kg<\/li>\n<li><strong>Conservation :<\/strong> \u00c0 conserver \u00e0 -18\u00b0C<\/li>\n<\/ul>\n<p>Pour passer commande, il suffit de nous contacter par<strong> e-mail<\/strong> ou par <strong>t\u00e9l\u00e9phone<\/strong>. Il est \u00e9galement possible de nous joindre sur <strong>WhatsApp<\/strong>. Nos \u00e9quipes sont disponibles pour r\u00e9pondre \u00e0 toutes vos questions.<\/p>\n<p><img fetchpriority=\"high\" decoding=\"async\" class=\"aligncenter wp-image-5552 size-full\" src=\"https:\/\/www.as-glacon.com\/wp-content\/uploads\/2025\/07\/Banniere-Linkedin-professionnelle-nouveau-site-internet-vert.webp\" alt=\"\" width=\"1584\" height=\"396\" srcset=\"https:\/\/www.as-glacon.com\/wp-content\/uploads\/2025\/07\/Banniere-Linkedin-professionnelle-nouveau-site-internet-vert.webp 1584w, https:\/\/www.as-glacon.com\/wp-content\/uploads\/2025\/07\/Banniere-Linkedin-professionnelle-nouveau-site-internet-vert-350x88.webp 350w, https:\/\/www.as-glacon.com\/wp-content\/uploads\/2025\/07\/Banniere-Linkedin-professionnelle-nouveau-site-internet-vert-595x149.webp 595w, https:\/\/www.as-glacon.com\/wp-content\/uploads\/2025\/07\/Banniere-Linkedin-professionnelle-nouveau-site-internet-vert-1536x384.webp 1536w, https:\/\/www.as-glacon.com\/wp-content\/uploads\/2025\/07\/Banniere-Linkedin-professionnelle-nouveau-site-internet-vert-450x113.webp 450w, https:\/\/www.as-glacon.com\/wp-content\/uploads\/2025\/07\/Banniere-Linkedin-professionnelle-nouveau-site-internet-vert-1000x250.webp 1000w\" sizes=\"(max-width: 1584px) 100vw, 1584px\" \/><\/p>\n","protected":false},"featured_media":5336,"comment_status":"open","ping_status":"closed","template":"","meta":{"inline_featured_image":false},"product_brand":[],"product_cat":[66],"product_tag":[257],"class_list":{"0":"post-838","1":"product","2":"type-product","3":"status-publish","4":"has-post-thumbnail","6":"product_cat-glacon","7":"product_tag-gourmet","9":"first","10":"instock","11":"sale","12":"featured","13":"taxable","14":"shipping-taxable","15":"purchasable","16":"product-type-variable"},"yoast_head":"<!-- This site is optimized with the Yoast SEO Premium plugin v23.9 (Yoast SEO v27.5) - https:\/\/yoast.com\/product\/yoast-seo-premium-wordpress\/ -->\n<title>Gla\u00e7ons Gourmets - AS Gla\u00e7on<\/title>\n<meta name=\"description\" content=\"Nos gla\u00e7ons gourmet sont parfaitement con\u00e7us pour rafra\u00eechir vos boissons avec \u00e9l\u00e9gance et efficacit\u00e9, Chaque gla\u00e7on est cristallin...\" \/>\n<meta name=\"robots\" content=\"index, follow, max-snippet:-1, max-image-preview:large, max-video-preview:-1\" \/>\n<link rel=\"canonical\" href=\"https:\/\/www.as-glacon.com\/produit\/2-glacons-gourmets\/\" \/>\n<meta property=\"og:locale\" content=\"en_US\" \/>\n<meta property=\"og:type\" content=\"article\" \/>\n<meta property=\"og:title\" content=\"Gla\u00e7ons Gourmets\" \/>\n<meta property=\"og:description\" content=\"Nos gla\u00e7ons gourmet sont parfaitement con\u00e7us pour rafra\u00eechir vos boissons avec \u00e9l\u00e9gance et efficacit\u00e9, Chaque gla\u00e7on est cristallin...\" \/>\n<meta property=\"og:url\" content=\"https:\/\/www.as-glacon.com\/produit\/2-glacons-gourmets\/\" \/>\n<meta property=\"og:site_name\" content=\"AS Gla\u00e7on\" \/>\n<meta property=\"article:modified_time\" content=\"2025-07-09T09:21:27+00:00\" \/>\n<meta property=\"og:image\" content=\"https:\/\/www.as-glacon.com\/wp-content\/uploads\/2018\/06\/vertical-shot-of-a-barmaid-adding-berry-syrup-into-2025-02-11-21-12-43-utc-scaled.webp\" \/>\n\t<meta property=\"og:image:width\" content=\"1707\" \/>\n\t<meta property=\"og:image:height\" content=\"2560\" \/>\n\t<meta property=\"og:image:type\" content=\"image\/jpeg\" \/>\n<meta name=\"twitter:card\" content=\"summary_large_image\" \/>\n<meta name=\"twitter:label1\" content=\"Est. reading time\" \/>\n\t<meta name=\"twitter:data1\" content=\"1 minute\" \/>\n<script type=\"application\/ld+json\" class=\"yoast-schema-graph\">{\"@context\":\"https:\\\/\\\/schema.org\",\"@graph\":[{\"@type\":\"WebPage\",\"@id\":\"https:\\\/\\\/www.as-glacon.com\\\/produit\\\/2-glacons-gourmets\\\/\",\"url\":\"https:\\\/\\\/www.as-glacon.com\\\/produit\\\/2-glacons-gourmets\\\/\",\"name\":\"Gla\u00e7ons Gourmets - AS Gla\u00e7on\",\"isPartOf\":{\"@id\":\"https:\\\/\\\/www.as-glacon.com\\\/#website\"},\"primaryImageOfPage\":{\"@id\":\"https:\\\/\\\/www.as-glacon.com\\\/produit\\\/2-glacons-gourmets\\\/#primaryimage\"},\"image\":{\"@id\":\"https:\\\/\\\/www.as-glacon.com\\\/produit\\\/2-glacons-gourmets\\\/#primaryimage\"},\"thumbnailUrl\":\"https:\\\/\\\/www.as-glacon.com\\\/wp-content\\\/uploads\\\/2018\\\/06\\\/vertical-shot-of-a-barmaid-adding-berry-syrup-into-2025-02-11-21-12-43-utc-scaled.webp\",\"datePublished\":\"2018-06-15T03:32:54+00:00\",\"dateModified\":\"2025-07-09T09:21:27+00:00\",\"description\":\"Nos gla\u00e7ons gourmet sont parfaitement con\u00e7us pour rafra\u00eechir vos boissons avec \u00e9l\u00e9gance et efficacit\u00e9, Chaque gla\u00e7on est cristallin...\",\"breadcrumb\":{\"@id\":\"https:\\\/\\\/www.as-glacon.com\\\/produit\\\/2-glacons-gourmets\\\/#breadcrumb\"},\"inLanguage\":\"en-US\",\"potentialAction\":[{\"@type\":\"ReadAction\",\"target\":[\"https:\\\/\\\/www.as-glacon.com\\\/produit\\\/2-glacons-gourmets\\\/\"]}]},{\"@type\":\"ImageObject\",\"inLanguage\":\"en-US\",\"@id\":\"https:\\\/\\\/www.as-glacon.com\\\/produit\\\/2-glacons-gourmets\\\/#primaryimage\",\"url\":\"https:\\\/\\\/www.as-glacon.com\\\/wp-content\\\/uploads\\\/2018\\\/06\\\/vertical-shot-of-a-barmaid-adding-berry-syrup-into-2025-02-11-21-12-43-utc-scaled.webp\",\"contentUrl\":\"https:\\\/\\\/www.as-glacon.com\\\/wp-content\\\/uploads\\\/2018\\\/06\\\/vertical-shot-of-a-barmaid-adding-berry-syrup-into-2025-02-11-21-12-43-utc-scaled.webp\",\"width\":1707,\"height\":2560,\"caption\":\"A vertical shot of a barmaid adding berry syrup into a glass full of ice cubs\"},{\"@type\":\"BreadcrumbList\",\"@id\":\"https:\\\/\\\/www.as-glacon.com\\\/produit\\\/2-glacons-gourmets\\\/#breadcrumb\",\"itemListElement\":[{\"@type\":\"ListItem\",\"position\":1,\"name\":\"Accueil\",\"item\":\"https:\\\/\\\/www.as-glacon.com\\\/\"},{\"@type\":\"ListItem\",\"position\":2,\"name\":\"Boutique\",\"item\":\"https:\\\/\\\/www.as-glacon.com\\\/boutique\\\/\"},{\"@type\":\"ListItem\",\"position\":3,\"name\":\"Gla\u00e7ons Gourmets\"}]},{\"@type\":\"WebSite\",\"@id\":\"https:\\\/\\\/www.as-glacon.com\\\/#website\",\"url\":\"https:\\\/\\\/www.as-glacon.com\\\/\",\"name\":\"AS Gla\u00e7on\",\"description\":\"La fra\u00eecheur en action\",\"publisher\":{\"@id\":\"https:\\\/\\\/www.as-glacon.com\\\/#organization\"},\"potentialAction\":[{\"@type\":\"SearchAction\",\"target\":{\"@type\":\"EntryPoint\",\"urlTemplate\":\"https:\\\/\\\/www.as-glacon.com\\\/?s={search_term_string}\"},\"query-input\":{\"@type\":\"PropertyValueSpecification\",\"valueRequired\":true,\"valueName\":\"search_term_string\"}}],\"inLanguage\":\"en-US\"},{\"@type\":\"Organization\",\"@id\":\"https:\\\/\\\/www.as-glacon.com\\\/#organization\",\"name\":\"AS Gla\u00e7on\",\"url\":\"https:\\\/\\\/www.as-glacon.com\\\/\",\"logo\":{\"@type\":\"ImageObject\",\"inLanguage\":\"en-US\",\"@id\":\"https:\\\/\\\/www.as-glacon.com\\\/#\\\/schema\\\/logo\\\/image\\\/\",\"url\":\"https:\\\/\\\/www.as-glacon.com\\\/wp-content\\\/uploads\\\/2024\\\/06\\\/59cc16d3-56a4-45eb-b86f-505cf7f0649a.webp\",\"contentUrl\":\"https:\\\/\\\/www.as-glacon.com\\\/wp-content\\\/uploads\\\/2024\\\/06\\\/59cc16d3-56a4-45eb-b86f-505cf7f0649a.webp\",\"width\":406,\"height\":338,\"caption\":\"AS Gla\u00e7on\"},\"image\":{\"@id\":\"https:\\\/\\\/www.as-glacon.com\\\/#\\\/schema\\\/logo\\\/image\\\/\"}}]}<\/script>\n<!-- \/ Yoast SEO Premium plugin. -->","yoast_head_json":{"title":"Gla\u00e7ons Gourmets - AS Gla\u00e7on","description":"Nos gla\u00e7ons gourmet sont parfaitement con\u00e7us pour rafra\u00eechir vos boissons avec \u00e9l\u00e9gance et efficacit\u00e9, Chaque gla\u00e7on est cristallin...","robots":{"index":"index","follow":"follow","max-snippet":"max-snippet:-1","max-image-preview":"max-image-preview:large","max-video-preview":"max-video-preview:-1"},"canonical":"https:\/\/www.as-glacon.com\/produit\/2-glacons-gourmets\/","og_locale":"en_US","og_type":"article","og_title":"Gla\u00e7ons Gourmets","og_description":"Nos gla\u00e7ons gourmet sont parfaitement con\u00e7us pour rafra\u00eechir vos boissons avec \u00e9l\u00e9gance et efficacit\u00e9, Chaque gla\u00e7on est cristallin...","og_url":"https:\/\/www.as-glacon.com\/produit\/2-glacons-gourmets\/","og_site_name":"AS Gla\u00e7on","article_modified_time":"2025-07-09T09:21:27+00:00","og_image":[{"width":1707,"height":2560,"url":"https:\/\/www.as-glacon.com\/wp-content\/uploads\/2018\/06\/vertical-shot-of-a-barmaid-adding-berry-syrup-into-2025-02-11-21-12-43-utc-scaled.webp","type":"image\/jpeg"}],"twitter_card":"summary_large_image","twitter_misc":{"Est. reading time":"1 minute"},"schema":{"@context":"https:\/\/schema.org","@graph":[{"@type":"WebPage","@id":"https:\/\/www.as-glacon.com\/produit\/2-glacons-gourmets\/","url":"https:\/\/www.as-glacon.com\/produit\/2-glacons-gourmets\/","name":"Gla\u00e7ons Gourmets - AS Gla\u00e7on","isPartOf":{"@id":"https:\/\/www.as-glacon.com\/#website"},"primaryImageOfPage":{"@id":"https:\/\/www.as-glacon.com\/produit\/2-glacons-gourmets\/#primaryimage"},"image":{"@id":"https:\/\/www.as-glacon.com\/produit\/2-glacons-gourmets\/#primaryimage"},"thumbnailUrl":"https:\/\/www.as-glacon.com\/wp-content\/uploads\/2018\/06\/vertical-shot-of-a-barmaid-adding-berry-syrup-into-2025-02-11-21-12-43-utc-scaled.webp","datePublished":"2018-06-15T03:32:54+00:00","dateModified":"2025-07-09T09:21:27+00:00","description":"Nos gla\u00e7ons gourmet sont parfaitement con\u00e7us pour rafra\u00eechir vos boissons avec \u00e9l\u00e9gance et efficacit\u00e9, Chaque gla\u00e7on est cristallin...","breadcrumb":{"@id":"https:\/\/www.as-glacon.com\/produit\/2-glacons-gourmets\/#breadcrumb"},"inLanguage":"en-US","potentialAction":[{"@type":"ReadAction","target":["https:\/\/www.as-glacon.com\/produit\/2-glacons-gourmets\/"]}]},{"@type":"ImageObject","inLanguage":"en-US","@id":"https:\/\/www.as-glacon.com\/produit\/2-glacons-gourmets\/#primaryimage","url":"https:\/\/www.as-glacon.com\/wp-content\/uploads\/2018\/06\/vertical-shot-of-a-barmaid-adding-berry-syrup-into-2025-02-11-21-12-43-utc-scaled.webp","contentUrl":"https:\/\/www.as-glacon.com\/wp-content\/uploads\/2018\/06\/vertical-shot-of-a-barmaid-adding-berry-syrup-into-2025-02-11-21-12-43-utc-scaled.webp","width":1707,"height":2560,"caption":"A vertical shot of a barmaid adding berry syrup into a glass full of ice cubs"},{"@type":"BreadcrumbList","@id":"https:\/\/www.as-glacon.com\/produit\/2-glacons-gourmets\/#breadcrumb","itemListElement":[{"@type":"ListItem","position":1,"name":"Accueil","item":"https:\/\/www.as-glacon.com\/"},{"@type":"ListItem","position":2,"name":"Boutique","item":"https:\/\/www.as-glacon.com\/boutique\/"},{"@type":"ListItem","position":3,"name":"Gla\u00e7ons Gourmets"}]},{"@type":"WebSite","@id":"https:\/\/www.as-glacon.com\/#website","url":"https:\/\/www.as-glacon.com\/","name":"AS Gla\u00e7on","description":"La fra\u00eecheur en action","publisher":{"@id":"https:\/\/www.as-glacon.com\/#organization"},"potentialAction":[{"@type":"SearchAction","target":{"@type":"EntryPoint","urlTemplate":"https:\/\/www.as-glacon.com\/?s={search_term_string}"},"query-input":{"@type":"PropertyValueSpecification","valueRequired":true,"valueName":"search_term_string"}}],"inLanguage":"en-US"},{"@type":"Organization","@id":"https:\/\/www.as-glacon.com\/#organization","name":"AS Gla\u00e7on","url":"https:\/\/www.as-glacon.com\/","logo":{"@type":"ImageObject","inLanguage":"en-US","@id":"https:\/\/www.as-glacon.com\/#\/schema\/logo\/image\/","url":"https:\/\/www.as-glacon.com\/wp-content\/uploads\/2024\/06\/59cc16d3-56a4-45eb-b86f-505cf7f0649a.webp","contentUrl":"https:\/\/www.as-glacon.com\/wp-content\/uploads\/2024\/06\/59cc16d3-56a4-45eb-b86f-505cf7f0649a.webp","width":406,"height":338,"caption":"AS Gla\u00e7on"},"image":{"@id":"https:\/\/www.as-glacon.com\/#\/schema\/logo\/image\/"}}]}},"_links":{"self":[{"href":"https:\/\/www.as-glacon.com\/en\/wp-json\/wp\/v2\/product\/838","targetHints":{"allow":["GET"]}}],"collection":[{"href":"https:\/\/www.as-glacon.com\/en\/wp-json\/wp\/v2\/product"}],"about":[{"href":"https:\/\/www.as-glacon.com\/en\/wp-json\/wp\/v2\/types\/product"}],"replies":[{"embeddable":true,"href":"https:\/\/www.as-glacon.com\/en\/wp-json\/wp\/v2\/comments?post=838"}],"version-history":[{"count":10,"href":"https:\/\/www.as-glacon.com\/en\/wp-json\/wp\/v2\/product\/838\/revisions"}],"predecessor-version":[{"id":5571,"href":"https:\/\/www.as-glacon.com\/en\/wp-json\/wp\/v2\/product\/838\/revisions\/5571"}],"wp:featuredmedia":[{"embeddable":true,"href":"https:\/\/www.as-glacon.com\/en\/wp-json\/wp\/v2\/media\/5336"}],"wp:attachment":[{"href":"https:\/\/www.as-glacon.com\/en\/wp-json\/wp\/v2\/media?parent=838"}],"wp:term":[{"taxonomy":"product_brand","embeddable":true,"href":"https:\/\/www.as-glacon.com\/en\/wp-json\/wp\/v2\/product_brand?post=838"},{"taxonomy":"product_cat","embeddable":true,"href":"https:\/\/www.as-glacon.com\/en\/wp-json\/wp\/v2\/product_cat?post=838"},{"taxonomy":"product_tag","embeddable":true,"href":"https:\/\/www.as-glacon.com\/en\/wp-json\/wp\/v2\/product_tag?post=838"}],"curies":[{"name":"wp","href":"https:\/\/api.w.org\/{rel}","templated":true}]}}